{"id":10125,"date":"2020-11-19T16:32:12","date_gmt":"2020-11-19T16:32:12","guid":{"rendered":"http:\/\/www.aeemt.com\/web\/?page_id=10125"},"modified":"2020-11-19T16:32:12","modified_gmt":"2020-11-19T16:32:12","slug":"video-grabado-cursos-aeemt-lyx-instituto-de-urologia-2020-que-debe-saber-el-medico-del-trabajo-para-el-manejo-basico-de-la-enfermedad-renal","status":"publish","type":"page","link":"https:\/\/www.aeemt.org\/web\/video-grabado-cursos-aeemt-lyx-instituto-de-urologia-2020-que-debe-saber-el-medico-del-trabajo-para-el-manejo-basico-de-la-enfermedad-renal\/","title":{"rendered":"V\u00eddeo Grabado Cursos AEEMT &#8211; LYX Instituto de Urolog\u00eda 2020. \u00bfQU\u00c9 DEBE SABER EL M\u00c9DICO DEL TRABAJO PARA EL MANEJO B\u00c1SICO DE LA ENFERMEDAD RENAL?"},"content":{"rendered":"<p>[vc_row rt_row_background_width=\u00bbdefault\u00bb rt_row_style=\u00bbdefault-style\u00bb rt_row_borders=\u00bb\u00bb rt_row_paddings=\u00bbtrue\u00bb rt_bg_effect=\u00bbclassic\u00bb rt_bg_image_repeat=\u00bbrepeat\u00bb rt_bg_size=\u00bbcover\u00bb rt_bg_position=\u00bbright top\u00bb rt_bg_attachment=\u00bbscroll\u00bb rt_bg_video_format=\u00bbself-hosted\u00bb][vc_column width=\u00bb1\/2&#8243; rt_wrp_col_paddings=\u00bbfalse\u00bb rt_border_top=\u00bb\u00bb rt_border_bottom=\u00bb\u00bb rt_border_left=\u00bb\u00bb rt_border_right=\u00bb\u00bb rt_border_top_mobile=\u00bb\u00bb rt_border_bottom_mobile=\u00bb\u00bb rt_border_left_mobile=\u00bb\u00bb rt_border_right_mobile=\u00bb\u00bb rt_bg_image_repeat=\u00bbrepeat\u00bb rt_bg_size=\u00bbauto auto\u00bb rt_bg_position=\u00bbright top\u00bb rt_bg_attachment=\u00bbscroll\u00bb][vc_column_text]<\/p>\n<h3 style=\"text-align: center;\">Organiza<\/h3>\n<h3 style=\"text-align: center;\"><a href=\"http:\/\/www.aeemt.com\/web\/\" target=\"_blank\" rel=\"noopener noreferrer\"><img loading=\"lazy\" decoding=\"async\" class=\"wp-image-3534 aligncenter\" src=\"http:\/\/www.aeemt.com\/web\/wp-content\/uploads\/2017\/05\/logoDibujado.png\" alt=\"\" width=\"133\" height=\"135\" srcset=\"https:\/\/www.aeemt.org\/web\/wp-content\/uploads\/2017\/05\/logoDibujado.png 402w, https:\/\/www.aeemt.org\/web\/wp-content\/uploads\/2017\/05\/logoDibujado-296x300.png 296w\" sizes=\"(max-width: 133px) 100vw, 133px\" \/><\/a><\/h3>\n<p>[\/vc_column_text][\/vc_column][vc_column width=\u00bb1\/2&#8243; rt_wrp_col_paddings=\u00bbfalse\u00bb rt_border_top=\u00bb\u00bb rt_border_bottom=\u00bb\u00bb rt_border_left=\u00bb\u00bb rt_border_right=\u00bb\u00bb rt_border_top_mobile=\u00bb\u00bb rt_border_bottom_mobile=\u00bb\u00bb rt_border_left_mobile=\u00bb\u00bb rt_border_right_mobile=\u00bb\u00bb rt_bg_image_repeat=\u00bbrepeat\u00bb rt_bg_size=\u00bbauto auto\u00bb rt_bg_position=\u00bbright top\u00bb rt_bg_attachment=\u00bbscroll\u00bb][vc_column_text]<\/p>\n<p style=\"text-align: center;\"><a href=\"https:\/\/www.lyxurologia.com\/\" target=\"_blank\" rel=\"noopener noreferrer\"><img loading=\"lazy\" decoding=\"async\" class=\"alignnone wp-image-8420\" src=\"https:\/\/www.aeemt.org\/pruebaweb\/wp-content\/uploads\/2020\/05\/Lyx_vertical.jpg\" alt=\"\" width=\"505\" height=\"144\" srcset=\"https:\/\/www.aeemt.org\/web\/wp-content\/uploads\/2020\/05\/Lyx_vertical.jpg 1654w, https:\/\/www.aeemt.org\/web\/wp-content\/uploads\/2020\/05\/Lyx_vertical-600x171.jpg 600w, https:\/\/www.aeemt.org\/web\/wp-content\/uploads\/2020\/05\/Lyx_vertical-300x86.jpg 300w, https:\/\/www.aeemt.org\/web\/wp-content\/uploads\/2020\/05\/Lyx_vertical-1024x292.jpg 1024w, https:\/\/www.aeemt.org\/web\/wp-content\/uploads\/2020\/05\/Lyx_vertical-768x219.jpg 768w, https:\/\/www.aeemt.org\/web\/wp-content\/uploads\/2020\/05\/Lyx_vertical-1536x438.jpg 1536w\" sizes=\"(max-width: 505px) 100vw, 505px\" \/><\/a><\/p>\n<p>[\/vc_column_text][\/vc_column][\/vc_row][vc_row rt_row_background_width=\u00bbdefault\u00bb rt_row_style=\u00bbdefault-style\u00bb rt_row_borders=\u00bb\u00bb rt_row_paddings=\u00bbtrue\u00bb rt_bg_effect=\u00bbclassic\u00bb rt_bg_image_repeat=\u00bbrepeat\u00bb rt_bg_size=\u00bbcover\u00bb rt_bg_position=\u00bbright top\u00bb rt_bg_attachment=\u00bbscroll\u00bb rt_bg_video_format=\u00bbself-hosted\u00bb][vc_column width=\u00bb1\/2&#8243; rt_wrp_col_paddings=\u00bbfalse\u00bb rt_border_top=\u00bb\u00bb rt_border_bottom=\u00bb\u00bb rt_border_left=\u00bb\u00bb rt_border_right=\u00bb\u00bb rt_border_top_mobile=\u00bb\u00bb rt_border_bottom_mobile=\u00bb\u00bb rt_border_left_mobile=\u00bb\u00bb rt_border_right_mobile=\u00bb\u00bb rt_bg_image_repeat=\u00bbrepeat\u00bb rt_bg_size=\u00bbauto auto\u00bb rt_bg_position=\u00bbright top\u00bb rt_bg_attachment=\u00bbscroll\u00bb][vc_video link=\u00bbhttps:\/\/youtu.be\/WIUBT3YF-ag\u00bb][vc_column_text]Suscr\u00edbete a nuestro\u00a0<a href=\"https:\/\/www.youtube.com\/channel\/UCNLO2eURcKj9TnOj6Dn0GnQ\/\" target=\"_blank\" rel=\"noopener noreferrer\"><strong>Canal de Youtube<\/strong><\/a>\u00a0y tendr\u00e1s acceso a todos nuestros v\u00eddeos grabados, emisiones en directo y notificaciones de actividad<\/p>\n<p style=\"text-align: center;\"><a href=\"https:\/\/www.youtube.com\/channel\/UCNLO2eURcKj9TnOj6Dn0GnQ?sub_confirmation=1\" target=\"_blank\" rel=\"noopener noreferrer\"><img loading=\"lazy\" decoding=\"async\" class=\"alignnone size-full wp-image-8600\" src=\"https:\/\/www.aeemt.org\/pruebaweb\/wp-content\/uploads\/2020\/06\/You-Tube-Suscrpcion.jpg\" alt=\"\" width=\"381\" height=\"132\" srcset=\"https:\/\/www.aeemt.org\/web\/wp-content\/uploads\/2020\/06\/You-Tube-Suscrpcion.jpg 381w, https:\/\/www.aeemt.org\/web\/wp-content\/uploads\/2020\/06\/You-Tube-Suscrpcion-300x104.jpg 300w\" sizes=\"(max-width: 381px) 100vw, 381px\" \/><\/a><\/p>\n<p>[\/vc_column_text][vc_column_text]<\/p>\n<h3>ACTUALIZACI\u00d3N UROL\u00d3GICA PARA EL M\u00c9DICO DEL TRABAJO, organizado por Lyx Instituto de urolog\u00eda y la AEEMT.<\/h3>\n<p><strong>\u00bfQU\u00c9 DEBE SABER EL M\u00c9DICO DEL TRABAJO PARA EL MANEJO B\u00c1SICO DE LA ENFERMEDAD RENAL?<\/strong><\/p>\n<p style=\"text-align: justify;\">La enfermedad renal constituye un problema de salud p\u00fablica a nivel mundial.<\/p>\n<p style=\"text-align: justify;\">Afecta a uno de cada 7 adultos en Espa\u00f1a, particularmente a varones, sujetos de edad avanzada o con enfermedad cardiovascular.<\/p>\n<p style=\"text-align: justify;\">Su diagn\u00f3stico precoz y tratamiento para evitar la progresi\u00f3n es fundamental en las \u00e1reas de atenci\u00f3n m\u00e9dica que se dedican a la prevenci\u00f3n primaria.<\/p>\n<p style=\"text-align: justify;\">Su estudio inicial o de cribaje se basa en el uso de herramientas muy sencillas como son el filtrado glomerular, el sedimento de orina y la ecograf\u00eda.<\/p>\n<p style=\"text-align: justify;\">Aprendernos a diagnosticar y a utilizar armas de tratamiento para frenar la progresi\u00f3n de esta enfermedad y evitar la llegada a di\u00e1lisis de estos pacientes.<\/p>\n<p>FECHA Y HORA:\u00a0<strong> JUEVES 19 DE\u00a0NOVIEMBRE\u00a0\u2013 16:30 h.<\/strong><\/p>\n<p><em><strong>PONENTES:<\/strong><\/em><\/p>\n<p style=\"padding-left: 30px;\"><em><strong>Dra. Esther Rubio Gonz\u00e1lez.\u00a0<\/strong><\/em><\/p>\n<p style=\"padding-left: 30px;\">Especialista en Nefrolog\u00eda. Hospital Universitario Puerta de Hierro-Majadahonda. Lyx Instituto de Urolog\u00eda<\/p>\n<p><strong>Coordinador:\u00a0<\/strong><\/p>\n<p style=\"padding-left: 30px;\"><strong><em>Dr. Gregorio Gil L\u00f3pez.\u00a0<\/em><\/strong><\/p>\n<p style=\"padding-left: 30px;\">Director del Servicio Operativo Sanitario. Presidencia del Gobierno.<\/p>\n<p>&nbsp;<\/p>\n<p><strong>DIRECCION POSTAL DONDE SE REALIZ\u00d3\u00a0LA GRABACI\u00d3N<\/strong><br \/>\n<strong>Ministerio de la Presidencia, Aula \u201cG\u201d \u2013 Edificio Servicios, Complejo de la Moncloa, Av Puerta de Hierro S\/N, 28071 Madrid<\/strong><\/p>\n<p>&nbsp;<\/p>\n<p><strong>*El streaming\u00a0fue emitido el\u00a0jueves 19 de\u00a0NOVIEMBRE de 2020 a partir de las 16:30<\/strong><\/p>\n<p>Esperamos que esta nueva actividad les resulte de inter\u00e9s.<\/p>\n<p>Gracias a todos.[\/vc_column_text][vc_column_text][\/vc_column_text][\/vc_column][vc_column width=\u00bb1\/2&#8243; rt_wrp_col_paddings=\u00bbfalse\u00bb rt_border_top=\u00bb\u00bb rt_border_bottom=\u00bb\u00bb rt_border_left=\u00bb\u00bb rt_border_right=\u00bb\u00bb rt_border_top_mobile=\u00bb\u00bb rt_border_bottom_mobile=\u00bb\u00bb rt_border_left_mobile=\u00bb\u00bb rt_border_right_mobile=\u00bb\u00bb rt_bg_image_repeat=\u00bbrepeat\u00bb rt_bg_size=\u00bbauto auto\u00bb rt_bg_position=\u00bbright top\u00bb rt_bg_attachment=\u00bbscroll\u00bb][vc_column_text]<\/p>\n<p style=\"text-align: center;\"><img loading=\"lazy\" decoding=\"async\" class=\"alignnone wp-image-9813 size-full\" src=\"https:\/\/www.aeemt.org\/pruebaweb\/wp-content\/uploads\/2020\/11\/Dra.-Esther-Rubio-3.jpg\" alt=\"\" width=\"936\" height=\"1078\" srcset=\"https:\/\/www.aeemt.org\/web\/wp-content\/uploads\/2020\/11\/Dra.-Esther-Rubio-3.jpg 936w, https:\/\/www.aeemt.org\/web\/wp-content\/uploads\/2020\/11\/Dra.-Esther-Rubio-3-600x691.jpg 600w, https:\/\/www.aeemt.org\/web\/wp-content\/uploads\/2020\/11\/Dra.-Esther-Rubio-3-260x300.jpg 260w, https:\/\/www.aeemt.org\/web\/wp-content\/uploads\/2020\/11\/Dra.-Esther-Rubio-3-889x1024.jpg 889w, https:\/\/www.aeemt.org\/web\/wp-content\/uploads\/2020\/11\/Dra.-Esther-Rubio-3-768x885.jpg 768w\" sizes=\"(max-width: 936px) 100vw, 936px\" \/><\/p>\n<p>[\/vc_column_text][\/vc_column][\/vc_row][vc_row rt_row_background_width=\u00bbdefault\u00bb rt_row_style=\u00bbdefault-style\u00bb rt_row_borders=\u00bb\u00bb rt_row_paddings=\u00bbtrue\u00bb rt_bg_effect=\u00bbclassic\u00bb rt_bg_image_repeat=\u00bbrepeat\u00bb rt_bg_size=\u00bbcover\u00bb rt_bg_position=\u00bbright top\u00bb rt_bg_attachment=\u00bbscroll\u00bb rt_bg_video_format=\u00bbself-hosted\u00bb][vc_column width=\u00bb1\/3&#8243; rt_wrp_col_paddings=\u00bbfalse\u00bb rt_border_top=\u00bb\u00bb rt_border_bottom=\u00bb\u00bb rt_border_left=\u00bb\u00bb rt_border_right=\u00bb\u00bb rt_border_top_mobile=\u00bb\u00bb rt_border_bottom_mobile=\u00bb\u00bb rt_border_left_mobile=\u00bb\u00bb rt_border_right_mobile=\u00bb\u00bb rt_bg_image_repeat=\u00bbrepeat\u00bb rt_bg_size=\u00bbauto auto\u00bb rt_bg_position=\u00bbright top\u00bb rt_bg_attachment=\u00bbscroll\u00bb][vc_column_text]<\/p>\n<p style=\"text-align: center;\"><strong>Luis Reinoso-Barbero<\/strong><br \/>\n<em>Presidente AEEMT<\/em><\/p>\n<p>[\/vc_column_text][\/vc_column][vc_column width=\u00bb1\/3&#8243; rt_wrp_col_paddings=\u00bbfalse\u00bb rt_border_top=\u00bb\u00bb rt_border_bottom=\u00bb\u00bb rt_border_left=\u00bb\u00bb rt_border_right=\u00bb\u00bb rt_border_top_mobile=\u00bb\u00bb rt_border_bottom_mobile=\u00bb\u00bb rt_border_left_mobile=\u00bb\u00bb rt_border_right_mobile=\u00bb\u00bb rt_bg_image_repeat=\u00bbrepeat\u00bb rt_bg_size=\u00bbauto auto\u00bb rt_bg_position=\u00bbright top\u00bb rt_bg_attachment=\u00bbscroll\u00bb][vc_column_text]<\/p>\n<p style=\"text-align: center;\"><strong>Dra. Carmen Serrano<\/strong><br \/>\n<em>Vicepta. AEEMT<\/em><\/p>\n<p>[\/vc_column_text][\/vc_column][\/vc_row]<\/p>\n","protected":false},"excerpt":{"rendered":"<p>[vc_row rt_row_background_width=\u00bbdefault\u00bb rt_row_style=\u00bbdefault-style\u00bb rt_row_borders=\u00bb\u00bb rt_row_paddings=\u00bbtrue\u00bb rt_bg_effect=\u00bbclassic\u00bb rt_bg_image_repeat=\u00bbrepeat\u00bb rt_bg_size=\u00bbcover\u00bb rt_bg_position=\u00bbright top\u00bb rt_bg_attachment=\u00bbscroll\u00bb rt_bg_video_format=\u00bbself-hosted\u00bb][vc_column width=\u00bb1\/2&#8243; rt_wrp_col_paddings=\u00bbfalse\u00bb rt_border_top=\u00bb\u00bb rt_border_bottom=\u00bb\u00bb rt_border_left=\u00bb\u00bb rt_border_right=\u00bb\u00bb rt_border_top_mobile=\u00bb\u00bb rt_border_bottom_mobile=\u00bb\u00bb rt_border_left_mobile=\u00bb\u00bb rt_border_right_mobile=\u00bb\u00bb rt_bg_image_repeat=\u00bbrepeat\u00bb rt_bg_size=\u00bbauto auto\u00bb rt_bg_position=\u00bbright top\u00bb rt_bg_attachment=\u00bbscroll\u00bb][vc_column_text] Organiza [\/vc_column_text][\/vc_column][vc_column [&hellip;]<\/p>\n","protected":false},"author":1,"featured_media":0,"parent":0,"menu_order":0,"comment_status":"closed","ping_status":"closed","template":"","meta":{"footnotes":""},"class_list":["post-10125","page","type-page","status-publish","hentry"],"_links":{"self":[{"href":"https:\/\/www.aeemt.org\/web\/wp-json\/wp\/v2\/pages\/10125"}],"collection":[{"href":"https:\/\/www.aeemt.org\/web\/wp-json\/wp\/v2\/pages"}],"about":[{"href":"https:\/\/www.aeemt.org\/web\/wp-json\/wp\/v2\/types\/page"}],"author":[{"embeddable":true,"href":"https:\/\/www.aeemt.org\/web\/wp-json\/wp\/v2\/users\/1"}],"replies":[{"embeddable":true,"href":"https:\/\/www.aeemt.org\/web\/wp-json\/wp\/v2\/comments?post=10125"}],"version-history":[{"count":0,"href":"https:\/\/www.aeemt.org\/web\/wp-json\/wp\/v2\/pages\/10125\/revisions"}],"wp:attachment":[{"href":"https:\/\/www.aeemt.org\/web\/wp-json\/wp\/v2\/media?parent=10125"}],"curies":[{"name":"wp","href":"https:\/\/api.w.org\/{rel}","templated":true}]}}